{"id":15605,"date":"2018-02-06T11:55:13","date_gmt":"2018-02-06T10:55:13","guid":{"rendered":"https:\/\/www.fotos-lienzo.es\/blog\/?page_id=15605"},"modified":"2019-05-29T17:24:35","modified_gmt":"2019-05-29T16:24:35","slug":"inicio-suscripcion","status":"publish","type":"page","link":"https:\/\/www.fotos-lienzo.es\/blog\/inicio-suscripcion\/","title":{"rendered":"Est\u00e1 a punto de conseguirlo"},"content":{"rendered":"<section class=\"wpb-content-wrapper\"><p>[vc_row css_animation=\u00bb\u00bb row_type=\u00bbrow\u00bb use_row_as_full_screen_section=\u00bbno\u00bb type=\u00bbfull_width\u00bb angled_section=\u00bbno\u00bb text_align=\u00bbcenter\u00bb background_image_as_pattern=\u00bbwithout_pattern\u00bb][vc_column][vc_column_text]<\/p>\n<h2 style=\"text-align: center;\">Est\u00e1 a punto de finalizar tu suscripci\u00f3n<\/h2>\n<p>[\/vc_column_text][vc_empty_space][vc_column_text]<\/p>\n<h3 style=\"text-align: center;\">\u00a1\u00a1\u00a1SOLO QUEDA UN PASO!!!<\/h3>\n<p>[\/vc_column_text][vc_column_text]En breve recibir\u00e1s un correo electr\u00f3nico en el que podr\u00e1s finalizar la suscripci\u00f3n para recibir los contenidos de Foto-Lienzo. En caso de no encontrarlo, por favor comprueba la carpeta de SPAM o correo no deseado, y agrega nuestro correo al listado de remitentes seguros.<\/p>\n<p>Y en el caso de que tengas cualquier tipo de problema, o no recibas nuestro correo, por favor ponte en contacto con nosotros y trataremos de solucionartelo lo antes posible.[\/vc_column_text][vc_empty_space]<a  itemprop=\"url\" href=\"https:\/\/www.fotos-lienzo.es\/contacts\" target=\"_self\"  class=\"qbutton  default\" style=\"\">CONTACTO<\/a>[vc_empty_space][\/vc_column][\/vc_row]<\/p>\n<\/section>","protected":false},"excerpt":{"rendered":"<p>[vc_row css_animation=\u00bb\u00bb row_type=\u00bbrow\u00bb use_row_as_full_screen_section=\u00bbno\u00bb type=\u00bbfull_width\u00bb angled_section=\u00bbno\u00bb text_align=\u00bbcenter\u00bb background_image_as_pattern=\u00bbwithout_pattern\u00bb][vc_column][vc_column_text] Est\u00e1 a punto de finalizar tu suscripci\u00f3n [\/vc_column_text][vc_empty_space][vc_column_text] \u00a1\u00a1\u00a1SOLO QUEDA UN PASO!!! [\/vc_column_text][vc_column_text]En breve recibir\u00e1s un correo electr\u00f3nico en el que podr\u00e1s finalizar la suscripci\u00f3n para recibir los contenidos de Foto-Lienzo. En caso de no encontrarlo, por favor comprueba la carpeta de SPAM o correo no deseado, y agrega nuestro correo al listado de remitentes seguros. Y en el caso de que tengas cualquier tipo de problema, o no recibas nuestro correo, por favor ponte en contacto con nosotros y trataremos de solucionartelo lo antes posible.[\/vc_column_text][vc_empty_space][vc_empty_space][\/vc_column][\/vc_row]<\/p>\n","protected":false},"author":1,"featured_media":0,"parent":0,"menu_order":0,"comment_status":"closed","ping_status":"closed","template":"","meta":{"_mi_skip_tracking":false},"yoast_head":"<!-- This site is optimized with the Yoast SEO plugin v19.10 - https:\/\/yoast.com\/wordpress\/plugins\/seo\/ -->\n<title>Est\u00e1 a punto de conseguirlo<\/title>\n<meta name=\"robots\" content=\"noindex, nofollow\" \/>\n<meta property=\"og:locale\" content=\"es_ES\" \/>\n<meta property=\"og:type\" content=\"article\" \/>\n<meta property=\"og:title\" content=\"Est\u00e1 a punto de conseguirlo\" \/>\n<meta property=\"og:description\" content=\"[vc_row css_animation=\u00bb\u00bb row_type=\u00bbrow\u00bb use_row_as_full_screen_section=\u00bbno\u00bb type=\u00bbfull_width\u00bb angled_section=\u00bbno\u00bb text_align=\u00bbcenter\u00bb background_image_as_pattern=\u00bbwithout_pattern\u00bb][vc_column][vc_column_text] Est\u00e1 a punto de finalizar tu suscripci\u00f3n [\/vc_column_text][vc_empty_space][vc_column_text] \u00a1\u00a1\u00a1SOLO QUEDA UN PASO!!! [\/vc_column_text][vc_column_text]En breve recibir\u00e1s un correo electr\u00f3nico en el que podr\u00e1s finalizar la suscripci\u00f3n para recibir los contenidos de Foto-Lienzo. En caso de no encontrarlo, por favor comprueba la carpeta de SPAM o correo no deseado, y agrega nuestro correo al listado de remitentes seguros. Y en el caso de que tengas cualquier tipo de problema, o no recibas nuestro correo, por favor ponte en contacto con nosotros y trataremos de solucionartelo lo antes posible.[\/vc_column_text][vc_empty_space][vc_empty_space][\/vc_column][\/vc_row]\" \/>\n<meta property=\"og:url\" content=\"https:\/\/www.fotos-lienzo.es\/blog\/inicio-suscripcion\/\" \/>\n<meta property=\"og:site_name\" content=\"Fotos-lienzo\" \/>\n<meta property=\"article:publisher\" content=\"https:\/\/www.facebook.com\/fotoslienzo\" \/>\n<meta property=\"article:modified_time\" content=\"2019-05-29T16:24:35+00:00\" \/>\n<meta name=\"twitter:card\" content=\"summary_large_image\" \/>\n<meta name=\"twitter:site\" content=\"@fotoslienzo\" \/>\n<meta name=\"twitter:label1\" content=\"Tiempo de lectura\" \/>\n\t<meta name=\"twitter:data1\" content=\"1 minuto\" \/>\n<script type=\"application\/ld+json\" class=\"yoast-schema-graph\">{\"@context\":\"https:\/\/schema.org\",\"@graph\":[{\"@type\":\"WebPage\",\"@id\":\"https:\/\/www.fotos-lienzo.es\/blog\/inicio-suscripcion\/\",\"url\":\"https:\/\/www.fotos-lienzo.es\/blog\/inicio-suscripcion\/\",\"name\":\"Est\u00e1 a punto de conseguirlo\",\"isPartOf\":{\"@id\":\"https:\/\/www.fotos-lienzo.es\/blog\/#website\"},\"datePublished\":\"2018-02-06T10:55:13+00:00\",\"dateModified\":\"2019-05-29T16:24:35+00:00\",\"breadcrumb\":{\"@id\":\"https:\/\/www.fotos-lienzo.es\/blog\/inicio-suscripcion\/#breadcrumb\"},\"inLanguage\":\"es\",\"potentialAction\":[{\"@type\":\"ReadAction\",\"target\":[\"https:\/\/www.fotos-lienzo.es\/blog\/inicio-suscripcion\/\"]}]},{\"@type\":\"BreadcrumbList\",\"@id\":\"https:\/\/www.fotos-lienzo.es\/blog\/inicio-suscripcion\/#breadcrumb\",\"itemListElement\":[{\"@type\":\"ListItem\",\"position\":1,\"name\":\"Home\",\"item\":\"https:\/\/www.fotos-lienzo.es\/blog\/\"},{\"@type\":\"ListItem\",\"position\":2,\"name\":\"Est\u00e1 a punto de conseguirlo\"}]},{\"@type\":\"WebSite\",\"@id\":\"https:\/\/www.fotos-lienzo.es\/blog\/#website\",\"url\":\"https:\/\/www.fotos-lienzo.es\/blog\/\",\"name\":\"Fotos-lienzo\",\"description\":\"La calidad puede ser barata\",\"publisher\":{\"@id\":\"https:\/\/www.fotos-lienzo.es\/blog\/#organization\"},\"potentialAction\":[{\"@type\":\"SearchAction\",\"target\":{\"@type\":\"EntryPoint\",\"urlTemplate\":\"https:\/\/www.fotos-lienzo.es\/blog\/?s={search_term_string}\"},\"query-input\":\"required name=search_term_string\"}],\"inLanguage\":\"es\"},{\"@type\":\"Organization\",\"@id\":\"https:\/\/www.fotos-lienzo.es\/blog\/#organization\",\"name\":\"fotos-lienzo\",\"url\":\"https:\/\/www.fotos-lienzo.es\/blog\/\",\"logo\":{\"@type\":\"ImageObject\",\"inLanguage\":\"es\",\"@id\":\"https:\/\/www.fotos-lienzo.es\/blog\/#\/schema\/logo\/image\/\",\"url\":\"https:\/\/www.fotos-lienzo.es\/blog\/wp-content\/uploads\/2013\/02\/noticias-fotos-lienzo.jpg\",\"contentUrl\":\"https:\/\/www.fotos-lienzo.es\/blog\/wp-content\/uploads\/2013\/02\/noticias-fotos-lienzo.jpg\",\"width\":1024,\"height\":565,\"caption\":\"fotos-lienzo\"},\"image\":{\"@id\":\"https:\/\/www.fotos-lienzo.es\/blog\/#\/schema\/logo\/image\/\"},\"sameAs\":[\"https:\/\/www.instagram.com\/FotosLienzo\/\",\"https:\/\/www.facebook.com\/fotoslienzo\",\"https:\/\/twitter.com\/fotoslienzo\"]}]}<\/script>\n<!-- \/ Yoast SEO plugin. -->","yoast_head_json":{"title":"Est\u00e1 a punto de conseguirlo","robots":{"index":"noindex","follow":"nofollow"},"og_locale":"es_ES","og_type":"article","og_title":"Est\u00e1 a punto de conseguirlo","og_description":"[vc_row css_animation=\u00bb\u00bb row_type=\u00bbrow\u00bb use_row_as_full_screen_section=\u00bbno\u00bb type=\u00bbfull_width\u00bb angled_section=\u00bbno\u00bb text_align=\u00bbcenter\u00bb background_image_as_pattern=\u00bbwithout_pattern\u00bb][vc_column][vc_column_text] Est\u00e1 a punto de finalizar tu suscripci\u00f3n [\/vc_column_text][vc_empty_space][vc_column_text] \u00a1\u00a1\u00a1SOLO QUEDA UN PASO!!! [\/vc_column_text][vc_column_text]En breve recibir\u00e1s un correo electr\u00f3nico en el que podr\u00e1s finalizar la suscripci\u00f3n para recibir los contenidos de Foto-Lienzo. En caso de no encontrarlo, por favor comprueba la carpeta de SPAM o correo no deseado, y agrega nuestro correo al listado de remitentes seguros. Y en el caso de que tengas cualquier tipo de problema, o no recibas nuestro correo, por favor ponte en contacto con nosotros y trataremos de solucionartelo lo antes posible.[\/vc_column_text][vc_empty_space][vc_empty_space][\/vc_column][\/vc_row]","og_url":"https:\/\/www.fotos-lienzo.es\/blog\/inicio-suscripcion\/","og_site_name":"Fotos-lienzo","article_publisher":"https:\/\/www.facebook.com\/fotoslienzo","article_modified_time":"2019-05-29T16:24:35+00:00","twitter_card":"summary_large_image","twitter_site":"@fotoslienzo","twitter_misc":{"Tiempo de lectura":"1 minuto"},"schema":{"@context":"https:\/\/schema.org","@graph":[{"@type":"WebPage","@id":"https:\/\/www.fotos-lienzo.es\/blog\/inicio-suscripcion\/","url":"https:\/\/www.fotos-lienzo.es\/blog\/inicio-suscripcion\/","name":"Est\u00e1 a punto de conseguirlo","isPartOf":{"@id":"https:\/\/www.fotos-lienzo.es\/blog\/#website"},"datePublished":"2018-02-06T10:55:13+00:00","dateModified":"2019-05-29T16:24:35+00:00","breadcrumb":{"@id":"https:\/\/www.fotos-lienzo.es\/blog\/inicio-suscripcion\/#breadcrumb"},"inLanguage":"es","potentialAction":[{"@type":"ReadAction","target":["https:\/\/www.fotos-lienzo.es\/blog\/inicio-suscripcion\/"]}]},{"@type":"BreadcrumbList","@id":"https:\/\/www.fotos-lienzo.es\/blog\/inicio-suscripcion\/#breadcrumb","itemListElement":[{"@type":"ListItem","position":1,"name":"Home","item":"https:\/\/www.fotos-lienzo.es\/blog\/"},{"@type":"ListItem","position":2,"name":"Est\u00e1 a punto de conseguirlo"}]},{"@type":"WebSite","@id":"https:\/\/www.fotos-lienzo.es\/blog\/#website","url":"https:\/\/www.fotos-lienzo.es\/blog\/","name":"Fotos-lienzo","description":"La calidad puede ser barata","publisher":{"@id":"https:\/\/www.fotos-lienzo.es\/blog\/#organization"},"potentialAction":[{"@type":"SearchAction","target":{"@type":"EntryPoint","urlTemplate":"https:\/\/www.fotos-lienzo.es\/blog\/?s={search_term_string}"},"query-input":"required name=search_term_string"}],"inLanguage":"es"},{"@type":"Organization","@id":"https:\/\/www.fotos-lienzo.es\/blog\/#organization","name":"fotos-lienzo","url":"https:\/\/www.fotos-lienzo.es\/blog\/","logo":{"@type":"ImageObject","inLanguage":"es","@id":"https:\/\/www.fotos-lienzo.es\/blog\/#\/schema\/logo\/image\/","url":"https:\/\/www.fotos-lienzo.es\/blog\/wp-content\/uploads\/2013\/02\/noticias-fotos-lienzo.jpg","contentUrl":"https:\/\/www.fotos-lienzo.es\/blog\/wp-content\/uploads\/2013\/02\/noticias-fotos-lienzo.jpg","width":1024,"height":565,"caption":"fotos-lienzo"},"image":{"@id":"https:\/\/www.fotos-lienzo.es\/blog\/#\/schema\/logo\/image\/"},"sameAs":["https:\/\/www.instagram.com\/FotosLienzo\/","https:\/\/www.facebook.com\/fotoslienzo","https:\/\/twitter.com\/fotoslienzo"]}]}},"_links":{"self":[{"href":"https:\/\/www.fotos-lienzo.es\/blog\/wp-json\/wp\/v2\/pages\/15605"}],"collection":[{"href":"https:\/\/www.fotos-lienzo.es\/blog\/wp-json\/wp\/v2\/pages"}],"about":[{"href":"https:\/\/www.fotos-lienzo.es\/blog\/wp-json\/wp\/v2\/types\/page"}],"author":[{"embeddable":true,"href":"https:\/\/www.fotos-lienzo.es\/blog\/wp-json\/wp\/v2\/users\/1"}],"replies":[{"embeddable":true,"href":"https:\/\/www.fotos-lienzo.es\/blog\/wp-json\/wp\/v2\/comments?post=15605"}],"version-history":[{"count":0,"href":"https:\/\/www.fotos-lienzo.es\/blog\/wp-json\/wp\/v2\/pages\/15605\/revisions"}],"wp:attachment":[{"href":"https:\/\/www.fotos-lienzo.es\/blog\/wp-json\/wp\/v2\/media?parent=15605"}],"curies":[{"name":"wp","href":"https:\/\/api.w.org\/{rel}","templated":true}]}}